{"id":268,"date":"2021-01-30T22:08:31","date_gmt":"2021-01-30T20:08:31","guid":{"rendered":"http:\/\/www.schelper.de\/pressmeup\/?page_id=268"},"modified":"2026-04-05T15:39:17","modified_gmt":"2026-04-05T14:39:17","slug":"die-alte-liste-mit-den-verweisen","status":"publish","type":"page","link":"http:\/\/www.schelper.de\/pressmeup\/?page_id=268","title":{"rendered":"Die alte Liste mit den Verweisen"},"content":{"rendered":"\n<p>Seit 2003 hat sich viel ver\u00e4ndert. Hier sind diejenigen Links, die nicht vollkommen veraltet sind, nat\u00fcrlich angereichert mit aktuellen Sprungbretter f\u00fcr das Netz. Ich bin stolz darauf, Teile des alten Farbschema mit den errechneten Farbharmonien geretet zu haben.<\/p>\n\n\n\n<h2 class=\"wp-block-heading has-white-color has-text-color has-background\" style=\"background-color:#990134\">Nachrichten<\/h2>\n\n\n\n<h3 class=\"wp-block-heading has-background\" style=\"background-color:#f2cbcc\">Fernsehen<\/h3>\n\n\n\n<ul class=\"wp-block-list\">\n<li><a href=\"https:\/\/www.tagesschau.de\/\">Tagesschau, Tagesthemen<\/a><\/li>\n\n\n\n<li><a href=\"https:\/\/www.zdf.de\/nachrichten\/\">heute<\/a><\/li>\n\n\n\n<li><a href=\"https:\/\/www.dw.com\/\">DW &#8211; Deutsche Welle<\/a><\/li>\n\n\n\n<li><a href=\"https:\/\/www.welt.de\/\">Welt<\/a><\/li>\n\n\n\n<li><a href=\"https:\/\/www.n-tv.de\/\">ntv<\/a> &#8211; Nachrichtenfernsehen<\/li>\n\n\n\n<li><a href=\"https:\/\/www.euronews.com\/\">EuroNews<\/a><\/li>\n\n\n\n<li><a href=\"https:\/\/us.cnn.com\/\">cnn <\/a>(Amerika)<\/li>\n<\/ul>\n\n\n\n<h3 class=\"wp-block-heading has-background\" style=\"background-color:#f2cbcc\">Radio<\/h3>\n\n\n\n<p><a href=\"https:\/\/www.deutschlandfunk.de\/\">DLF<\/a> &#8211; Deutschlandfunk<br><a href=\"https:\/\/www.ndr.de\/nachrichten\/niedersachsen\/braunschweig_harz_goettingen\/index.html\">NDR <\/a>Regional<br><a href=\"https:\/\/stadtradio-goettingen.de\/\">StadtRadio G\u00f6ttingen<\/a><br><a href=\"https:\/\/radioleinewelle.de\/\">Radio Leinewelle<\/a><\/p>\n\n\n\n<h3 class=\"wp-block-heading has-background\" style=\"background-color:#f2cbcc\">Presse<\/h3>\n\n\n\n<div class=\"wp-block-group\"><div class=\"wp-block-group__inner-container is-layout-flow wp-block-group-is-layout-flow\">\n<p style=\"font-size:15px\"><a href=\"https:\/\/www.nzz.ch\/\">NZZ <\/a>&#8211; Neue Z\u00fcricher Zeitung<br><a href=\"https:\/\/www.hna.de\/\">HNA <\/a>&#8211; Hessisch Nieders\u00e4chsische Allgemeine<br><a href=\"https:\/\/www.faz.net\/\">FAZ <\/a>&#8211; Frankfurter Allgemeine Zeitung<br><a href=\"https:\/\/www.huffpost.com\/\">HuffPost<\/a> &#8211; The Huffington Post<br><a href=\"https:\/\/snanews.de\/\">SNA <\/a>&#8211; Internationale Nachrichtenagentur Rossiya Segodnya (staatlich russisch)<br><a href=\"https:\/\/www.globaltimes.cn\/\">GT<\/a> &#8211; Global Times (staatlich chinesisch) <br><a href=\"https:\/\/monde-diplomatique.de\/\">Die Welt (franz)<\/a> &#8211; Le Monde diplomatique<br><a href=\"https:\/\/www.goettinger-tageblatt.de\/\">GT <\/a>&#8211; G\u00f6ttinger Tageblatt<br>Blaulichtmeldungen &#8211; <a href=\"https:\/\/www.presseportal.de\/blaulicht\/nr\/119508\">Polizei<\/a><br>Blaulichtmeldungen &#8211; <a href=\"https:\/\/feuerwehr.goettingen.de\/portal\/meldungen\/uebersicht-0-25480.html?titel=Aktuelles\">Feuerwehr<\/a><\/p>\n<\/div><\/div>\n\n\n\n<h2 class=\"wp-block-heading has-white-color has-text-color has-background\" style=\"background-color:#003399\">Rechnerisch<\/h2>\n\n\n\n<p class=\"has-background\" style=\"background-color:#b2c1e0\">Allgemein<\/p>\n\n\n\n<p><a href=\"https:\/\/www.heise.de\/\">Heise<\/a>-Verlag (<a href=\"https:\/\/www.heise.de\/ct\/\">c&#8217;t,<\/a> <a href=\"https:\/\/www.heise.de\/ix\/\">ix <\/a>&#8230;)<br><a href=\"https:\/\/www.chip.de\/\">Chip<\/a><br><a href=\"https:\/\/www.golem.de\/\">Golem <\/a>&#8211; IT News<br><a href=\"https:\/\/carta.info\/\">carta <\/a>&#8211; Blog f\u00fcr Politik, Kultur \u00d6konomie<br><a href=\"https:\/\/slashdot.org\/\">Slashdot<\/a> &#8211; Nachrichten f\u00fcr seltsame Menschen (Nerds), Dinge die bedeutsam sind.<br><a href=\"https:\/\/www.engadget.com\/\">engadged<\/a> &#8211; is the original home for technology news and reviews.<br><a href=\"https:\/\/perplexity.ai\/\">Perplexity<\/a> Suchmaschine mit KI Integration<br><a href=\"https:\/\/chatgpt.ch\/\">ChatGPT<\/a> &#8211; \u00c4ltere Version kann ohne Anmeldung genutzt werden.<br><a href=\"https:\/\/quillbot.com\/\">Quillbot<\/a> &#8211; Textverbesserer, Zusammenfasser, \u00dcbersetzer mit k\u00fcnstlerischer Intelligenz.<\/p>\n\n\n\n<p class=\"has-background\" style=\"background-color:#b2c1e0\">Online<\/p>\n\n\n\n<p><a href=\"https:\/\/www.selfhtml.org\/\">Selfhtml<\/a> &#8211; html-Dateien selber erstellen &#8222;Die Energie des Verstehens&#8220;<br><a href=\"http:\/\/www.css4you.de\/\">css 4 you<\/a> &#8211; Die deutsche Seite f\u00fcr cascading style sheets &#8211; Gut, wenn Stylist Du bist<br><a href=\"https:\/\/www.drweb.de\/\">Dr. Web<\/a> &#8211; Online Magazin<br><a href=\"http:\/\/dciwam.de\/checkliste\/\">&lt;dciwam&gt;<\/a> &#8211; Checkliste Webseitengestaltung<\/p>\n\n\n\n<p class=\"has-background\" style=\"background-color:#b2c1e0\">Kino<\/p>\n\n\n\n<p><a href=\"https:\/\/www.cinemaxx.de\/kinoprogramm\/gottingen\">Cinemaxx<\/a> &#8211; Direkt zu G\u00f6ttingen springen<br><a href=\"https:\/\/lumiere-melies.de\/melies-programm\/\">Melies<\/a> &#8211; Kino am Wall<br><a href=\"https:\/\/lumiere-melies.de\/lumiere-programm\/\">Lumiere<\/a> &#8211; Erhellend wie selten <\/p>\n\n\n\n<h2 class=\"wp-block-heading has-white-color has-text-color has-background\" style=\"background-color:#636363\">Aus Wehmut nicht gel\u00f6scht<\/h2>\n\n\n\n<h3 class=\"wp-block-heading has-background\" style=\"background-color:#ebebeb\">Etwas eigenes<\/h3>\n\n\n\n<p><a href=\"http:\/\/www.werkstatt.schelper.de\/\">Werkstatt<\/a> &#8211; Ohne Falten im Web gestalten.<br><a href=\"http:\/\/www.schelper.de\/hochzeit\/index.html\">30.05.2003<\/a> &#8211; Ein sch\u00f6ner Tag.<br>Ein <a href=\"http:\/\/www.schelper.de\/skripte\/kontakt\/index.html\">Kontaktformular<\/a>.<br>Einige Seiten \u00fcber die Garte und den <a href=\"http:\/\/www.schelper.de\/gartetalbahnhof\/index.html\">Gartetalbahnhof<\/a>.<br><\/p>\n\n\n\n<p><\/p>\n\n\n\n<h3 class=\"wp-block-heading has-background\" style=\"background-color:#ebebeb\">Lexika &#8211; Online<\/h3>\n\n\n\n<p><a href=\"https:\/\/dict.tu-chemnitz.de\/\">Beolingus <\/a>&#8211; W\u00f6rterbuch dt. \/ eng. \/ es. \/ pt.<br><a href=\"https:\/\/de.wikipedia.org\/\">Wikipedia <\/a>&#8211; Super Lexikon<br><a href=\"https:\/\/www.adac.de\/\">ADAC <\/a>&#8211; vor, w\u00e4hrend und nach dem Brenner<br><a href=\"https:\/\/whoswho.de\/\">Wer ist wer?<\/a> &#8211; Ein Personenlexikon<br>Der famose <a href=\"https:\/\/www.deepl.com\/translator\">deepl <\/a>&#8211; \u00dcbersetzer.<\/p>\n\n\n\n<p><\/p>\n\n\n\n<p><\/p>\n","protected":false},"excerpt":{"rendered":"<p>Seit 2003 hat sich viel ver\u00e4ndert. Hier sind diejenigen Links, die nicht vollkommen veraltet sind, nat\u00fcrlich angereichert mit aktuellen Sprungbretter f\u00fcr das Netz. Ich bin<\/p>\n","protected":false},"author":1,"featured_media":302,"parent":0,"menu_order":0,"comment_status":"closed","ping_status":"closed","template":"","meta":{"footnotes":""},"class_list":["post-268","page","type-page","status-publish","has-post-thumbnail","hentry"],"_links":{"self":[{"href":"http:\/\/www.schelper.de\/pressmeup\/index.php?rest_route=\/wp\/v2\/pages\/268","targetHints":{"allow":["GET"]}}],"collection":[{"href":"http:\/\/www.schelper.de\/pressmeup\/index.php?rest_route=\/wp\/v2\/pages"}],"about":[{"href":"http:\/\/www.schelper.de\/pressmeup\/index.php?rest_route=\/wp\/v2\/types\/page"}],"author":[{"embeddable":true,"href":"http:\/\/www.schelper.de\/pressmeup\/index.php?rest_route=\/wp\/v2\/users\/1"}],"replies":[{"embeddable":true,"href":"http:\/\/www.schelper.de\/pressmeup\/index.php?rest_route=%2Fwp%2Fv2%2Fcomments&post=268"}],"version-history":[{"count":29,"href":"http:\/\/www.schelper.de\/pressmeup\/index.php?rest_route=\/wp\/v2\/pages\/268\/revisions"}],"predecessor-version":[{"id":1285,"href":"http:\/\/www.schelper.de\/pressmeup\/index.php?rest_route=\/wp\/v2\/pages\/268\/revisions\/1285"}],"wp:featuredmedia":[{"embeddable":true,"href":"http:\/\/www.schelper.de\/pressmeup\/index.php?rest_route=\/wp\/v2\/media\/302"}],"wp:attachment":[{"href":"http:\/\/www.schelper.de\/pressmeup\/index.php?rest_route=%2Fwp%2Fv2%2Fmedia&parent=268"}],"curies":[{"name":"wp","href":"https:\/\/api.w.org\/{rel}","templated":true}]}}